{"id":386,"date":"2015-03-01T19:17:55","date_gmt":"2015-03-01T17:17:55","guid":{"rendered":"http:\/\/demo.cmssuperheroes.com\/themeforest\/wp-spectrum-joinery\/?page_id=386"},"modified":"2024-02-28T12:15:56","modified_gmt":"2024-02-28T09:15:56","slug":"staircases","status":"publish","type":"page","link":"http:\/\/www.karsliyapi.com\/index.php\/staircases\/","title":{"rendered":"Tamamlanm\u0131\u015f Projeler"},"content":{"rendered":"<p>[vc_row full_width=&#8221;false&#8221; type=&#8221;ww-custom&#8221; engle_position=&#8221;engle-top-right&#8221; height_engle=&#8221;250px&#8221; engle_color=&#8221;#f5f5f5&#8243; engle_position_duplicate=&#8221;engle-bottom-right&#8221; engle_uplicated_height=&#8221;250px&#8221; engle_duplicated_color=&#8221;#ffffff&#8221; height_engle_style2=&#8221;60px&#8221; parallax_speed=&#8221;0.6&#8243; bg_video_color=&#8221;#000000&#8243; bg_video_transparent=&#8221;0.8&#8243; css=&#8221;.vc_custom_1425237101826{padding-top: 0px !important;padding-bottom: 70px !important;}&#8221; engle_border_width=&#8221;0&#8243; engle_duplicated_border_width=&#8221;0&#8243; engle_duplicated_height_style2=&#8221;60px&#8221; lax_layer1_align=&#8221;lax_left_top&#8221; lax_layer2_align=&#8221;lax_left_top&#8221; lax_layer3_align=&#8221;lax_left_top&#8221; lax_layer4_align=&#8221;lax_left_top&#8221; lax_layer5_align=&#8221;lax_left_top&#8221; lax_layer6_align=&#8221;lax_left_top&#8221; lax_layer7_align=&#8221;lax_left_top&#8221; lax_layer8_align=&#8221;lax_left_top&#8221; row_responsive_large=&#8221;&#8221; row_responsive_medium=&#8221;&#8221; row_responsive_small=&#8221;&#8221; row_responsive_extra_small=&#8221;&#8221; enable_row_sc=&#8221;&#8221; enable_row_engle=&#8221;&#8221; enable_engle_duplicate=&#8221;&#8221; enable_engle_style2=&#8221;&#8221; enable_engle_duplicated_style2=&#8221;&#8221; enable_parallax=&#8221;&#8221; disable_parallax_mobile=&#8221;&#8221; loop=&#8221;&#8221; autoplay=&#8221;&#8221; muted=&#8221;&#8221; controls=&#8221;&#8221; show_btn=&#8221;&#8221;][vc_column][vc_custom_heading text=&#8221;Tamamlanm\u0131\u015f Projelerimiz&#8230;&#8221; font_container=&#8221;tag:h2|font_size:22px|text_align:center|color:%23222222|line_height:26px&#8221; google_fonts=&#8221;font_family:Roboto%3A100%2C100italic%2C300%2C300italic%2Cregular%2Citalic%2C500%2C500italic%2C700%2C700italic%2C900%2C900italic|font_style:700%20bold%20regular%3A700%3Anormal&#8221;][vc_separator color=&#8221;custom&#8221; align=&#8221;center&#8221; border_width=&#8221;4&#8243; el_width=&#8221;50&#8243; separator_arrow=&#8221;no&#8221; separator_arrow_type=&#8221;border&#8221; arrow_width=&#8221;12&#8243; custom_sparator_width=&#8221;75px&#8221; accent_color=&#8221;#f1c00a&#8221;][vc_empty_space height=&#8221;30px&#8221;][\/vc_column][\/vc_row][vc_row][vc_column width=&#8221;1\/2&#8243;][vc_tta_accordion][vc_tta_section title=&#8221;Ata Apartman\u0131&#8221; tab_id=&#8221;1513323138084-0a113275-9a6c&#8221;][vc_single_image image=&#8221;2032&#8243; img_size=&#8221;600&#215;600&#8243; alignment=&#8221;center&#8221; style=&#8221;vc_box_outline&#8221; onclick=&#8221;link_image&#8221;][\/vc_tta_section][vc_tta_section title=&#8221;\u015eehitkamil Belediyesi G\u00f6ll\u00fcce Mahallesi Sosyal Tesisleri&#8221; tab_id=&#8221;1513327463009-b0180323-3cd0&#8243;][vc_single_image image=&#8221;2080&#8243; img_size=&#8221;600&#215;600&#8243; alignment=&#8221;center&#8221; style=&#8221;vc_box_shadow_3d&#8221; onclick=&#8221;link_image&#8221;][\/vc_tta_section][vc_tta_section title=&#8221;\u015eehitkamil Belediyesi Karao\u011flan Mahallesi Sosyal Tesisleri&#8221; tab_id=&#8221;1513327524864-1bafd139-2a34&#8243;][vc_single_image image=&#8221;2082&#8243; img_size=&#8221;600&#215;600&#8243; alignment=&#8221;center&#8221; onclick=&#8221;link_image&#8221;][\/vc_tta_section][vc_tta_section title=&#8221;Alt\u0131nyurt Besi \u00c7iftli\u011fi&#8221; tab_id=&#8221;1513323138040-d28e4c98-61c3&#8243;][vc_single_image image=&#8221;2024&#8243; img_size=&#8221;600&#215;600&#8243; alignment=&#8221;center&#8221; style=&#8221;vc_box_rounded&#8221; onclick=&#8221;link_image&#8221;][\/vc_tta_section][\/vc_tta_accordion][\/vc_column][vc_column width=&#8221;1\/2&#8243; css=&#8221;.vc_custom_1513328263052{padding-left: 50px !important;}&#8221;][vc_tta_accordion][vc_tta_section title=&#8221;Be\u015ftepe Towers&#8221; tab_id=&#8221;1647337883495-ee3adb4f-4b01&#8243;][vc_single_image image=&#8221;2095&#8243; img_size=&#8221;600&#215;600&#8243; onclick=&#8221;link_image&#8221;][\/vc_tta_section][vc_tta_section title=&#8221;Club Sunsmile Apart Otel&#8221; tab_id=&#8221;1513327653380-6b510398-60e2&#8243;][vc_single_image image=&#8221;2045&#8243; img_size=&#8221;600&#215;600&#8243; onclick=&#8221;link_image&#8221;][\/vc_tta_section][vc_tta_section title=&#8221;\u00d6zel Villa \u0130n\u015faatlar\u0131&#8221; tab_id=&#8221;1513327722191-22764eed-121c&#8221;][vc_gallery type=&#8221;image_grid&#8221; images=&#8221;2047,2046&#8243;][\/vc_tta_section][vc_tta_section title=&#8221;Ak\u00f6zler Zeytinya\u011f\u0131 Fabrikas\u0131&#8221; tab_id=&#8221;1513327653319-afb941cb-f324&#8243;][vc_single_image image=&#8221;2084&#8243; img_size=&#8221;600&#215;600&#8243; onclick=&#8221;link_image&#8221;][\/vc_tta_section][\/vc_tta_accordion][\/vc_column][\/vc_row][vc_row css=&#8221;.vc_custom_1497008295670{padding-top: 40px !important;padding-bottom: 40px !important;background-color: #dd3333 !important;}&#8221; height_engle=&#8221;60px&#8221; engle_border_width=&#8221;0&#8243; engle_uplicated_height=&#8221;60px&#8221; engle_duplicated_border_width=&#8221;0&#8243; height_engle_style2=&#8221;60px&#8221; engle_duplicated_height_style2=&#8221;60px&#8221; parallax_speed=&#8221;0.8&#8243; bg_video_transparent=&#8221;0&#8243; lax_layer1_align=&#8221;lax_left_top&#8221; lax_layer2_align=&#8221;lax_left_top&#8221; lax_layer3_align=&#8221;lax_left_top&#8221; lax_layer4_align=&#8221;lax_left_top&#8221; lax_layer5_align=&#8221;lax_left_top&#8221; lax_layer6_align=&#8221;lax_left_top&#8221; lax_layer7_align=&#8221;lax_left_top&#8221; lax_layer8_align=&#8221;lax_left_top&#8221;][vc_column][vc_cta_button call_text=&#8221;&#8221; call_text_font_size=&#8221;24px&#8221; call_text_color=&#8221;#fff&#8221; title=&#8221;&#8221;][\/vc_column][\/vc_row]<\/p>\n","protected":false},"excerpt":{"rendered":"<p>[vc_row full_width=&#8221;false&#8221; type=&#8221;ww-custom&#8221; engle_position=&#8221;engle-top-right&#8221; height_engle=&#8221;250px&#8221; engle_color=&#8221;#f5f5f5&#8243; engle_position_duplicate=&#8221;engle-bottom-right&#8221; engle_uplicated_height=&#8221;250px&#8221; engle_duplicated_color=&#8221;#ffffff&#8221; height_engle_style2=&#8221;60px&#8221; parallax_speed=&#8221;0.6&#8243; bg_video_color=&#8221;#000000&#8243; bg_video_transparent=&#8221;0.8&#8243; css=&#8221;.vc_custom_1425237101826{padding-top: 0px !important;padding-bottom: 70px !important;}&#8221; engle_border_width=&#8221;0&#8243; engle_duplicated_border_width=&#8221;0&#8243; engle_duplicated_height_style2=&#8221;60px&#8221; lax_layer1_align=&#8221;lax_left_top&#8221; lax_layer2_align=&#8221;lax_left_top&#8221; lax_layer3_align=&#8221;lax_left_top&#8221; lax_layer4_align=&#8221;lax_left_top&#8221; lax_layer5_align=&#8221;lax_left_top&#8221; lax_layer6_align=&#8221;lax_left_top&#8221; lax_layer7_align=&#8221;lax_left_top&#8221; lax_layer8_align=&#8221;lax_left_top&#8221; row_responsive_large=&#8221;&#8221; row_responsive_medium=&#8221;&#8221; row_responsive_small=&#8221;&#8221; row_responsive_extra_small=&#8221;&#8221; enable_row_sc=&#8221;&#8221; enable_row_engle=&#8221;&#8221; enable_engle_duplicate=&#8221;&#8221; enable_engle_style2=&#8221;&#8221; enable_engle_duplicated_style2=&#8221;&#8221; enable_parallax=&#8221;&#8221; disable_parallax_mobile=&#8221;&#8221; loop=&#8221;&#8221; autoplay=&#8221;&#8221; muted=&#8221;&#8221; controls=&#8221;&#8221; show_btn=&#8221;&#8221;][vc_column][vc_custom_heading text=&#8221;Tamamlanm\u0131\u015f Projelerimiz&#8230;&#8221; font_container=&#8221;tag:h2|font_size:22px|text_align:center|color:%23222222|line_height:26px&#8221; google_fonts=&#8221;font_family:Roboto%3A100%2C100italic%2C300%2C300italic%2Cregular%2Citalic%2C500%2C500italic%2C700%2C700italic%2C900%2C900italic|font_style:700%20bold%20regular%3A700%3Anormal&#8221;][vc_separator color=&#8221;custom&#8221; align=&#8221;center&#8221; border_width=&#8221;4&#8243; el_width=&#8221;50&#8243; separator_arrow=&#8221;no&#8221; separator_arrow_type=&#8221;border&#8221; [&hellip;]<\/p>\n","protected":false},"author":1,"featured_media":0,"parent":0,"menu_order":0,"comment_status":"open","ping_status":"closed","template":"","meta":{"footnotes":""},"class_list":["post-386","page","type-page","status-publish","hentry"],"_links":{"self":[{"href":"http:\/\/www.karsliyapi.com\/index.php\/wp-json\/wp\/v2\/pages\/386","targetHints":{"allow":["GET"]}}],"collection":[{"href":"http:\/\/www.karsliyapi.com\/index.php\/wp-json\/wp\/v2\/pages"}],"about":[{"href":"http:\/\/www.karsliyapi.com\/index.php\/wp-json\/wp\/v2\/types\/page"}],"author":[{"embeddable":true,"href":"http:\/\/www.karsliyapi.com\/index.php\/wp-json\/wp\/v2\/users\/1"}],"replies":[{"embeddable":true,"href":"http:\/\/www.karsliyapi.com\/index.php\/wp-json\/wp\/v2\/comments?post=386"}],"version-history":[{"count":60,"href":"http:\/\/www.karsliyapi.com\/index.php\/wp-json\/wp\/v2\/pages\/386\/revisions"}],"predecessor-version":[{"id":2112,"href":"http:\/\/www.karsliyapi.com\/index.php\/wp-json\/wp\/v2\/pages\/386\/revisions\/2112"}],"wp:attachment":[{"href":"http:\/\/www.karsliyapi.com\/index.php\/wp-json\/wp\/v2\/media?parent=386"}],"curies":[{"name":"wp","href":"https:\/\/api.w.org\/{rel}","templated":true}]}}