{"id":301,"date":"2015-02-28T19:50:01","date_gmt":"2015-02-28T17:50:01","guid":{"rendered":"http:\/\/demo.cmssuperheroes.com\/themeforest\/wp-spectrum-joinery\/?page_id=301"},"modified":"2024-02-28T12:57:08","modified_gmt":"2024-02-28T09:57:08","slug":"contact-v1","status":"publish","type":"page","link":"http:\/\/www.karsliyapi.com\/index.php\/contact-v1\/","title":{"rendered":"\u0130leti\u015fim"},"content":{"rendered":"<p>[vc_row full_width=&#8221;false&#8221; css=&#8221;.vc_custom_1421254961878{padding-top: 80px !important;padding-bottom: 80px !important;}&#8221; height_engle=&#8221;60px&#8221; engle_border_width=&#8221;0&#8243; engle_uplicated_height=&#8221;60px&#8221; engle_duplicated_border_width=&#8221;0&#8243; height_engle_style2=&#8221;60px&#8221; engle_duplicated_height_style2=&#8221;60px&#8221; parallax_speed=&#8221;0.8&#8243; bg_video_transparent=&#8221;0&#8243; lax_layer1_align=&#8221;lax_left_top&#8221; lax_layer2_align=&#8221;lax_left_top&#8221; lax_layer3_align=&#8221;lax_left_top&#8221; lax_layer4_align=&#8221;lax_left_top&#8221; lax_layer5_align=&#8221;lax_left_top&#8221; lax_layer6_align=&#8221;lax_left_top&#8221; lax_layer7_align=&#8221;lax_left_top&#8221; lax_layer8_align=&#8221;lax_left_top&#8221;][vc_column width=&#8221;1\/3&#8243;]<div id=\"cshero-fancybox69e21ea397693_1776426659\" class=\"cshero-fancybox-wrap fancybox-layout2  text-left \" style=\"border-color: transparent;   \">\n\t<style type=\"text\/css\" scoped>\n        #cshero-fancybox69e21ea397693_1776426659.fancybox-layout2:hover .fancy-icon {\n            background-color:#ffcb07 !important;\n            border-color:#ffcb07 !important;\n            color:#ffffff !important;\n        }\n\n        #cshero-fancybox69e21ea397693_1776426659.fancybox-layout2 .fancy-icon.icon-hover-style-1:after{\n    \t\t-webkit-border-radius:100%;\n    \t\t-moz-border-radius:100%;\n    \t\t-ms-border-radius:100%;\n    \t\t-o-border-radius:100%;\n    \t\tborder-radius:100%;\n    \t\tbackground-color:#ffcb07;\n    \t\tborder-width:2px;\n    \t\tborder-style:solid;\n    \t\tborder-color:#ffcb07;\n\t   }\n                     \n              \t<\/style>\n    <div class=\"cshero-fancybox-title-image\">\n        <div class=\"cshero-fancybox-icon\">\n                                                                                        <\/div>\n        \n        <div class=\"cshero-fancybox-content\" style=\"padding-left: 65px;\">\n            <div class=\"cshero-fancybox-padding\">\n                <h4 style=\"color: #222222; margin: 0 0 10px; text-transform: inherit;\" class=\"cshero-fancybox-title\">\n                    <span class=\"cshero-title-main\">\n                        ADRES                    <\/span>\n                <\/h4>\n                <div class=\"content\">\n                    Z\u00fcbeyde Han\u0131m Bulvar\u0131<br \/>\nHilmi Barlas Apt. No:74\/B<br \/>\n\u015eehitkamil \/ GAZ\u0130ANTEP                <\/div>\n                            <\/div>\n        <\/div>\n       \n    <\/div>\n<\/div>\n[vc_empty_space height=&#8221;16px&#8221;]<div id=\"cshero-fancybox69e21ea397e36_1776426659\" class=\"cshero-fancybox-wrap fancybox-layout2  text-left \" style=\"border-color: transparent;   \">\n\t<style type=\"text\/css\" scoped>\n        #cshero-fancybox69e21ea397e36_1776426659.fancybox-layout2:hover .fancy-icon {\n            background-color:#ffcb07 !important;\n            border-color:#ffcb07 !important;\n            color:#ffffff !important;\n        }\n\n        #cshero-fancybox69e21ea397e36_1776426659.fancybox-layout2 .fancy-icon.icon-hover-style-1:after{\n    \t\t-webkit-border-radius:100%;\n    \t\t-moz-border-radius:100%;\n    \t\t-ms-border-radius:100%;\n    \t\t-o-border-radius:100%;\n    \t\tborder-radius:100%;\n    \t\tbackground-color:#ffcb07;\n    \t\tborder-width:2px;\n    \t\tborder-style:solid;\n    \t\tborder-color:#ffcb07;\n\t   }\n                     \n              \t<\/style>\n    <div class=\"cshero-fancybox-title-image\">\n        <div class=\"cshero-fancybox-icon\">\n                                                                                        <\/div>\n        \n        <div class=\"cshero-fancybox-content\" style=\"padding-left: 65px;\">\n            <div class=\"cshero-fancybox-padding\">\n                <h4 style=\"color: #222222; margin: 0 0 10px; text-transform: inherit;\" class=\"cshero-fancybox-title\">\n                    <span class=\"cshero-title-main\">\n                        TELEFON                    <\/span>\n                <\/h4>\n                <div class=\"content\">\n                    Tel.: +90 342 336 49 70<\/p>\n<p>Tel.: +90 342 336 49 77                <\/div>\n                            <\/div>\n        <\/div>\n       \n    <\/div>\n<\/div>\n[vc_empty_space height=&#8221;16px&#8221;]<div id=\"cshero-fancybox69e21ea397f73_1776426659\" class=\"cshero-fancybox-wrap fancybox-layout2  text-left \" style=\"border-color: transparent;   \">\n\t<style type=\"text\/css\" scoped>\n        #cshero-fancybox69e21ea397f73_1776426659.fancybox-layout2:hover .fancy-icon {\n            background-color:#ffcb07 !important;\n            border-color:#ffcb07 !important;\n            color:#ffffff !important;\n        }\n\n        #cshero-fancybox69e21ea397f73_1776426659.fancybox-layout2 .fancy-icon.icon-hover-style-1:after{\n    \t\t-webkit-border-radius:100%;\n    \t\t-moz-border-radius:100%;\n    \t\t-ms-border-radius:100%;\n    \t\t-o-border-radius:100%;\n    \t\tborder-radius:100%;\n    \t\tbackground-color:#ffcb07;\n    \t\tborder-width:2px;\n    \t\tborder-style:solid;\n    \t\tborder-color:#ffcb07;\n\t   }\n                     \n              \t<\/style>\n    <div class=\"cshero-fancybox-title-image\">\n        <div class=\"cshero-fancybox-icon\">\n                                                                                        <\/div>\n        \n        <div class=\"cshero-fancybox-content\" style=\"padding-left: 65px;\">\n            <div class=\"cshero-fancybox-padding\">\n                <h4 style=\"color: #222222; margin: 0 0 10px; text-transform: inherit;\" class=\"cshero-fancybox-title\">\n                    <span class=\"cshero-title-main\">\n                        EMAIL                     <\/span>\n                <\/h4>\n                <div class=\"content\">\n                    info@karsliyapi.com                <\/div>\n                            <\/div>\n        <\/div>\n       \n    <\/div>\n<\/div>\n[\/vc_column][vc_column width=&#8221;2\/3&#8243;]<div role=\"form\" class=\"wpcf7\" id=\"wpcf7-f1416-o1\" lang=\"en-US\" dir=\"ltr\">\n<div class=\"screen-reader-response\"><\/div>\n<form action=\"\/index.php\/wp-json\/wp\/v2\/pages\/301#wpcf7-f1416-o1\" method=\"post\" class=\"wpcf7-form contact-style-2\" novalidate=\"novalidate\">\n<div style=\"display: none;\">\n<input type=\"hidden\" name=\"_wpcf7\" value=\"1416\" \/>\n<input type=\"hidden\" name=\"_wpcf7_version\" value=\"4.3.1\" \/>\n<input type=\"hidden\" name=\"_wpcf7_locale\" value=\"en_US\" \/>\n<input type=\"hidden\" name=\"_wpcf7_unit_tag\" value=\"wpcf7-f1416-o1\" \/>\n<input type=\"hidden\" name=\"_wpnonce\" value=\"af3d0273f7\" \/>\n<\/div>\n<div class=\"row\">\n<div class=\"col-xs-12 col-sm-12 col-md-12 col-lg-12\">\n\t\t<span class=\"wpcf7-form-control-wrap name\"><input type=\"text\" name=\"name\" value=\"\" size=\"40\" class=\"wpcf7-form-control wpcf7-text wpcf7-validates-as-required\" aria-required=\"true\" aria-invalid=\"false\" placeholder=\"\u0130S\u0130M\" \/><\/span>\n\t<\/div>\n<\/div>\n<div class=\"row\">\n<div class=\"col-xs-12 col-sm-12 col-md-12 col-lg-12\">\n\t\t<span class=\"wpcf7-form-control-wrap email\"><input type=\"email\" name=\"email\" value=\"\" size=\"40\" class=\"wpcf7-form-control wpcf7-text wpcf7-email wpcf7-validates-as-required wpcf7-validates-as-email\" aria-required=\"true\" aria-invalid=\"false\" placeholder=\"E-MAIL\" \/><\/span>\n\t<\/div>\n<\/div>\n<div class=\"row\">\n<div class=\"col-xs-12 col-sm-12 col-md-12 col-lg-12\">\n\t\t<span class=\"wpcf7-form-control-wrap message\"><textarea name=\"message\" cols=\"40\" rows=\"10\" class=\"wpcf7-form-control wpcf7-textarea wpcf7-validates-as-required\" aria-required=\"true\" aria-invalid=\"false\" placeholder=\"MESAJINIZ\"><\/textarea><\/span>\n\t<\/div>\n<\/div>\n<div class=\"row\">\n<div class=\"col-xs-12 col-sm-12 col-md-12 col-lg-12\">\n             <input type=\"submit\" value=\"G\u00d6NDER\" class=\"wpcf7-form-control wpcf7-submit btn btn-default btn-sm\" \/>\n      <\/div>\n<\/div>\n<div class=\"wpcf7-response-output wpcf7-display-none\"><\/div><\/form><\/div>[\/vc_column][\/vc_row][vc_row full_width=&#8221;true&#8221; parallax_speed=&#8221;0.1&#8243;][vc_column][\/vc_column][\/vc_row]<\/p>\n","protected":false},"excerpt":{"rendered":"<p>[vc_row full_width=&#8221;false&#8221; css=&#8221;.vc_custom_1421254961878{padding-top: 80px !important;padding-bottom: 80px !important;}&#8221; height_engle=&#8221;60px&#8221; engle_border_width=&#8221;0&#8243; engle_uplicated_height=&#8221;60px&#8221; engle_duplicated_border_width=&#8221;0&#8243; height_engle_style2=&#8221;60px&#8221; engle_duplicated_height_style2=&#8221;60px&#8221; parallax_speed=&#8221;0.8&#8243; bg_video_transparent=&#8221;0&#8243; lax_layer1_align=&#8221;lax_left_top&#8221; lax_layer2_align=&#8221;lax_left_top&#8221; lax_layer3_align=&#8221;lax_left_top&#8221; lax_layer4_align=&#8221;lax_left_top&#8221; lax_layer5_align=&#8221;lax_left_top&#8221; lax_layer6_align=&#8221;lax_left_top&#8221; lax_layer7_align=&#8221;lax_left_top&#8221; lax_layer8_align=&#8221;lax_left_top&#8221;][vc_column width=&#8221;1\/3&#8243;][vc_empty_space height=&#8221;16px&#8221;][vc_empty_space height=&#8221;16px&#8221;][\/vc_column][vc_column width=&#8221;2\/3&#8243;][\/vc_column][\/vc_row][vc_row full_width=&#8221;true&#8221; parallax_speed=&#8221;0.1&#8243;][vc_column][\/vc_column][\/vc_row]<\/p>\n","protected":false},"author":1,"featured_media":0,"parent":0,"menu_order":0,"comment_status":"open","ping_status":"closed","template":"","meta":{"footnotes":""},"class_list":["post-301","page","type-page","status-publish","hentry"],"_links":{"self":[{"href":"http:\/\/www.karsliyapi.com\/index.php\/wp-json\/wp\/v2\/pages\/301","targetHints":{"allow":["GET"]}}],"collection":[{"href":"http:\/\/www.karsliyapi.com\/index.php\/wp-json\/wp\/v2\/pages"}],"about":[{"href":"http:\/\/www.karsliyapi.com\/index.php\/wp-json\/wp\/v2\/types\/page"}],"author":[{"embeddable":true,"href":"http:\/\/www.karsliyapi.com\/index.php\/wp-json\/wp\/v2\/users\/1"}],"replies":[{"embeddable":true,"href":"http:\/\/www.karsliyapi.com\/index.php\/wp-json\/wp\/v2\/comments?post=301"}],"version-history":[{"count":20,"href":"http:\/\/www.karsliyapi.com\/index.php\/wp-json\/wp\/v2\/pages\/301\/revisions"}],"predecessor-version":[{"id":2114,"href":"http:\/\/www.karsliyapi.com\/index.php\/wp-json\/wp\/v2\/pages\/301\/revisions\/2114"}],"wp:attachment":[{"href":"http:\/\/www.karsliyapi.com\/index.php\/wp-json\/wp\/v2\/media?parent=301"}],"curies":[{"name":"wp","href":"https:\/\/api.w.org\/{rel}","templated":true}]}}