{"id":2126,"date":"2026-01-07T08:59:47","date_gmt":"2026-01-07T05:59:47","guid":{"rendered":"http:\/\/www.karsliyapi.com\/?page_id=2126"},"modified":"2026-02-18T14:50:21","modified_gmt":"2026-02-18T11:50:21","slug":"devam-eden-projeler-2","status":"publish","type":"page","link":"http:\/\/www.karsliyapi.com\/index.php\/devam-eden-projeler-2\/","title":{"rendered":"Devam Eden Projeler"},"content":{"rendered":"\t\t<div data-elementor-type=\"wp-post\" data-elementor-id=\"2126\" class=\"elementor elementor-2126\">\n\t\t\t\t<div class=\"elementor-element elementor-element-d1f817a e-flex e-con-boxed e-con e-parent\" data-id=\"d1f817a\" data-element_type=\"container\">\n\t\t\t\t\t<div class=\"e-con-inner\">\n\t\t<div class=\"elementor-element elementor-element-15e0836 e-con-full e-flex e-con e-child\" data-id=\"15e0836\" data-element_type=\"container\">\n\t\t\t\t<div class=\"elementor-element elementor-element-8400261 elementor-widget elementor-widget-image\" data-id=\"8400261\" data-element_type=\"widget\" data-widget_type=\"image.default\">\n\t\t\t\t\t\t\t\t\t\t\t\t\t\t\t<img fetchpriority=\"high\" decoding=\"async\" width=\"669\" height=\"446\" src=\"http:\/\/www.karsliyapi.com\/wp-content\/uploads\/2026\/02\/karya_1-1024x682.jpg\" class=\"attachment-large size-large wp-image-2151\" alt=\"\" srcset=\"http:\/\/www.karsliyapi.com\/wp-content\/uploads\/2026\/02\/karya_1-1024x682.jpg 1024w, http:\/\/www.karsliyapi.com\/wp-content\/uploads\/2026\/02\/karya_1-300x200.jpg 300w, http:\/\/www.karsliyapi.com\/wp-content\/uploads\/2026\/02\/karya_1-768x511.jpg 768w, http:\/\/www.karsliyapi.com\/wp-content\/uploads\/2026\/02\/karya_1-1536x1022.jpg 1536w, http:\/\/www.karsliyapi.com\/wp-content\/uploads\/2026\/02\/karya_1.jpg 1600w\" sizes=\"(max-width: 669px) 100vw, 669px\" \/>\t\t\t\t\t\t\t\t\t\t\t\t\t\t\t<\/div>\n\t\t\t\t<\/div>\n\t\t<div class=\"elementor-element elementor-element-595ee33 e-con-full e-flex e-con e-child\" data-id=\"595ee33\" data-element_type=\"container\">\n\t\t\t\t<div class=\"elementor-element elementor-element-41fd059 elementor-widget elementor-widget-heading\" data-id=\"41fd059\" data-element_type=\"widget\" data-widget_type=\"heading.default\">\n\t\t\t\t\t<h2 class=\"elementor-heading-title elementor-size-default\">KARYA S\u0130TES\u0130<\/h2>\t\t\t\t<\/div>\n\t\t\t\t<\/div>\n\t\t<div class=\"elementor-element elementor-element-6fb5a44 e-con-full e-flex e-con e-child\" data-id=\"6fb5a44\" data-element_type=\"container\">\n\t\t\t\t<div class=\"elementor-element elementor-element-1eaccb4 elementor-widget elementor-widget-image\" data-id=\"1eaccb4\" data-element_type=\"widget\" data-widget_type=\"image.default\">\n\t\t\t\t\t\t\t\t\t\t\t\t\t\t\t<img decoding=\"async\" width=\"669\" height=\"362\" src=\"http:\/\/www.karsliyapi.com\/wp-content\/uploads\/2016\/01\/ok_2-1024x554.jpeg\" class=\"attachment-large size-large wp-image-2104\" alt=\"\" srcset=\"http:\/\/www.karsliyapi.com\/wp-content\/uploads\/2016\/01\/ok_2-1024x554.jpeg 1024w, http:\/\/www.karsliyapi.com\/wp-content\/uploads\/2016\/01\/ok_2-300x162.jpeg 300w, http:\/\/www.karsliyapi.com\/wp-content\/uploads\/2016\/01\/ok_2-768x416.jpeg 768w, http:\/\/www.karsliyapi.com\/wp-content\/uploads\/2016\/01\/ok_2.jpeg 1600w\" sizes=\"(max-width: 669px) 100vw, 669px\" \/>\t\t\t\t\t\t\t\t\t\t\t\t\t\t\t<\/div>\n\t\t\t\t<\/div>\n\t\t<div class=\"elementor-element elementor-element-f2c35b8 e-con-full e-flex e-con e-child\" data-id=\"f2c35b8\" data-element_type=\"container\">\n\t\t\t\t<div class=\"elementor-element elementor-element-423c855 elementor-widget elementor-widget-image\" data-id=\"423c855\" data-element_type=\"widget\" data-widget_type=\"image.default\">\n\t\t\t\t\t\t\t\t\t\t\t\t\t\t\t<img decoding=\"async\" width=\"669\" height=\"473\" src=\"http:\/\/www.karsliyapi.com\/wp-content\/uploads\/2016\/01\/ok_4-1024x724.jpg\" class=\"attachment-large size-large wp-image-2107\" alt=\"\" srcset=\"http:\/\/www.karsliyapi.com\/wp-content\/uploads\/2016\/01\/ok_4-1024x724.jpg 1024w, http:\/\/www.karsliyapi.com\/wp-content\/uploads\/2016\/01\/ok_4-300x212.jpg 300w, http:\/\/www.karsliyapi.com\/wp-content\/uploads\/2016\/01\/ok_4-768x543.jpg 768w\" sizes=\"(max-width: 669px) 100vw, 669px\" \/>\t\t\t\t\t\t\t\t\t\t\t\t\t\t\t<\/div>\n\t\t\t\t<div class=\"elementor-element elementor-element-0b4140c elementor-widget elementor-widget-image\" data-id=\"0b4140c\" data-element_type=\"widget\" data-widget_type=\"image.default\">\n\t\t\t\t\t\t\t\t\t\t\t\t\t\t\t<img loading=\"lazy\" decoding=\"async\" width=\"669\" height=\"446\" src=\"http:\/\/www.karsliyapi.com\/wp-content\/uploads\/2026\/02\/karya_3-1024x682.jpg\" class=\"attachment-large size-large wp-image-2154\" alt=\"\" srcset=\"http:\/\/www.karsliyapi.com\/wp-content\/uploads\/2026\/02\/karya_3-1024x682.jpg 1024w, http:\/\/www.karsliyapi.com\/wp-content\/uploads\/2026\/02\/karya_3-300x200.jpg 300w, http:\/\/www.karsliyapi.com\/wp-content\/uploads\/2026\/02\/karya_3-768x512.jpg 768w, http:\/\/www.karsliyapi.com\/wp-content\/uploads\/2026\/02\/karya_3-1536x1023.jpg 1536w, http:\/\/www.karsliyapi.com\/wp-content\/uploads\/2026\/02\/karya_3.jpg 1600w\" sizes=\"(max-width: 669px) 100vw, 669px\" \/>\t\t\t\t\t\t\t\t\t\t\t\t\t\t\t<\/div>\n\t\t\t\t<\/div>\n\t\t<div class=\"elementor-element elementor-element-50fc6d9 e-con-full e-flex e-con e-child\" data-id=\"50fc6d9\" data-element_type=\"container\">\n\t\t\t\t<div class=\"elementor-element elementor-element-5cd2269 elementor-widget elementor-widget-image\" data-id=\"5cd2269\" data-element_type=\"widget\" data-widget_type=\"image.default\">\n\t\t\t\t\t\t\t\t\t\t\t\t\t\t\t<img loading=\"lazy\" decoding=\"async\" width=\"669\" height=\"446\" src=\"http:\/\/www.karsliyapi.com\/wp-content\/uploads\/2026\/02\/karya_2-1024x682.jpg\" class=\"attachment-large size-large wp-image-2152\" alt=\"\" srcset=\"http:\/\/www.karsliyapi.com\/wp-content\/uploads\/2026\/02\/karya_2-1024x682.jpg 1024w, http:\/\/www.karsliyapi.com\/wp-content\/uploads\/2026\/02\/karya_2-300x200.jpg 300w, http:\/\/www.karsliyapi.com\/wp-content\/uploads\/2026\/02\/karya_2-768x512.jpg 768w, http:\/\/www.karsliyapi.com\/wp-content\/uploads\/2026\/02\/karya_2-1536x1023.jpg 1536w, http:\/\/www.karsliyapi.com\/wp-content\/uploads\/2026\/02\/karya_2.jpg 1600w\" sizes=\"(max-width: 669px) 100vw, 669px\" \/>\t\t\t\t\t\t\t\t\t\t\t\t\t\t\t<\/div>\n\t\t\t\t<div class=\"elementor-element elementor-element-f754b5a elementor-widget elementor-widget-image\" data-id=\"f754b5a\" data-element_type=\"widget\" data-widget_type=\"image.default\">\n\t\t\t\t\t\t\t\t\t\t\t\t\t\t\t<img loading=\"lazy\" decoding=\"async\" width=\"669\" height=\"446\" src=\"http:\/\/www.karsliyapi.com\/wp-content\/uploads\/2026\/02\/karya_4-1024x683.jpg\" class=\"attachment-large size-large wp-image-2155\" alt=\"\" srcset=\"http:\/\/www.karsliyapi.com\/wp-content\/uploads\/2026\/02\/karya_4-1024x683.jpg 1024w, http:\/\/www.karsliyapi.com\/wp-content\/uploads\/2026\/02\/karya_4-300x200.jpg 300w, http:\/\/www.karsliyapi.com\/wp-content\/uploads\/2026\/02\/karya_4-768x512.jpg 768w, http:\/\/www.karsliyapi.com\/wp-content\/uploads\/2026\/02\/karya_4-1536x1024.jpg 1536w, http:\/\/www.karsliyapi.com\/wp-content\/uploads\/2026\/02\/karya_4.jpg 1600w\" sizes=\"(max-width: 669px) 100vw, 669px\" \/>\t\t\t\t\t\t\t\t\t\t\t\t\t\t\t<\/div>\n\t\t\t\t<\/div>\n\t\t<div class=\"elementor-element elementor-element-4ad7f7d e-con-full e-flex e-con e-child\" data-id=\"4ad7f7d\" data-element_type=\"container\">\n\t\t\t\t<div class=\"elementor-element elementor-element-b884fe9 elementor-widget elementor-widget-image\" data-id=\"b884fe9\" data-element_type=\"widget\" data-widget_type=\"image.default\">\n\t\t\t\t\t\t\t\t\t\t\t\t\t\t\t<img loading=\"lazy\" decoding=\"async\" width=\"669\" height=\"473\" src=\"http:\/\/www.karsliyapi.com\/wp-content\/uploads\/2016\/01\/ok_5-1024x724.jpg\" class=\"attachment-large size-large wp-image-2108\" alt=\"\" srcset=\"http:\/\/www.karsliyapi.com\/wp-content\/uploads\/2016\/01\/ok_5-1024x724.jpg 1024w, http:\/\/www.karsliyapi.com\/wp-content\/uploads\/2016\/01\/ok_5-300x212.jpg 300w, http:\/\/www.karsliyapi.com\/wp-content\/uploads\/2016\/01\/ok_5-768x543.jpg 768w\" sizes=\"(max-width: 669px) 100vw, 669px\" \/>\t\t\t\t\t\t\t\t\t\t\t\t\t\t\t<\/div>\n\t\t\t\t<div class=\"elementor-element elementor-element-ec6e65d elementor-widget elementor-widget-image\" data-id=\"ec6e65d\" data-element_type=\"widget\" data-widget_type=\"image.default\">\n\t\t\t\t\t\t\t\t\t\t\t\t\t\t\t<img loading=\"lazy\" decoding=\"async\" width=\"669\" height=\"446\" src=\"http:\/\/www.karsliyapi.com\/wp-content\/uploads\/2026\/02\/karya_5-1024x682.jpg\" class=\"attachment-large size-large wp-image-2156\" alt=\"\" srcset=\"http:\/\/www.karsliyapi.com\/wp-content\/uploads\/2026\/02\/karya_5-1024x682.jpg 1024w, http:\/\/www.karsliyapi.com\/wp-content\/uploads\/2026\/02\/karya_5-300x200.jpg 300w, http:\/\/www.karsliyapi.com\/wp-content\/uploads\/2026\/02\/karya_5-768x511.jpg 768w, http:\/\/www.karsliyapi.com\/wp-content\/uploads\/2026\/02\/karya_5-1536x1022.jpg 1536w, http:\/\/www.karsliyapi.com\/wp-content\/uploads\/2026\/02\/karya_5.jpg 1600w\" sizes=\"(max-width: 669px) 100vw, 669px\" \/>\t\t\t\t\t\t\t\t\t\t\t\t\t\t\t<\/div>\n\t\t\t\t<\/div>\n\t\t\t\t\t<\/div>\n\t\t\t\t<\/div>\n\t\t<div class=\"elementor-element elementor-element-2fa14a6 e-flex e-con-boxed e-con e-parent\" data-id=\"2fa14a6\" data-element_type=\"container\">\n\t\t\t\t\t<div class=\"e-con-inner\">\n\t\t\t\t<div class=\"elementor-element elementor-element-6acf637 elementor-widget elementor-widget-spacer\" data-id=\"6acf637\" data-element_type=\"widget\" data-widget_type=\"spacer.default\">\n\t\t\t\t\t\t\t<div class=\"elementor-spacer\">\n\t\t\t<div class=\"elementor-spacer-inner\"><\/div>\n\t\t<\/div>\n\t\t\t\t\t\t<\/div>\n\t\t\t\t\t<\/div>\n\t\t\t\t<\/div>\n\t\t<div class=\"elementor-element elementor-element-a73072a e-flex e-con-boxed e-con e-parent\" data-id=\"a73072a\" data-element_type=\"container\">\n\t\t\t\t\t<div class=\"e-con-inner\">\n\t\t<div class=\"elementor-element elementor-element-df036d7 e-con-full e-flex e-con e-child\" data-id=\"df036d7\" data-element_type=\"container\">\n\t\t\t\t<div class=\"elementor-element elementor-element-8023e5f elementor-widget elementor-widget-image\" data-id=\"8023e5f\" data-element_type=\"widget\" data-widget_type=\"image.default\">\n\t\t\t\t\t\t\t\t\t\t\t\t\t\t\t<img loading=\"lazy\" decoding=\"async\" width=\"669\" height=\"446\" src=\"http:\/\/www.karsliyapi.com\/wp-content\/uploads\/2026\/01\/gorsel_1-1024x683.jpg\" class=\"attachment-large size-large wp-image-2134\" alt=\"\" srcset=\"http:\/\/www.karsliyapi.com\/wp-content\/uploads\/2026\/01\/gorsel_1-1024x683.jpg 1024w, http:\/\/www.karsliyapi.com\/wp-content\/uploads\/2026\/01\/gorsel_1-300x200.jpg 300w, http:\/\/www.karsliyapi.com\/wp-content\/uploads\/2026\/01\/gorsel_1-768x512.jpg 768w, http:\/\/www.karsliyapi.com\/wp-content\/uploads\/2026\/01\/gorsel_1.jpg 1495w\" sizes=\"(max-width: 669px) 100vw, 669px\" \/>\t\t\t\t\t\t\t\t\t\t\t\t\t\t\t<\/div>\n\t\t\t\t<\/div>\n\t\t<div class=\"elementor-element elementor-element-7852b24 e-con-full e-flex e-con e-child\" data-id=\"7852b24\" data-element_type=\"container\">\n\t\t\t\t<div class=\"elementor-element elementor-element-a02708b elementor-widget elementor-widget-heading\" data-id=\"a02708b\" data-element_type=\"widget\" data-widget_type=\"heading.default\">\n\t\t\t\t\t<h2 class=\"elementor-heading-title elementor-size-default\">OCTA V\u0130LLA<\/h2>\t\t\t\t<\/div>\n\t\t\t\t<\/div>\n\t\t<div class=\"elementor-element elementor-element-9eb3fa8 e-con-full e-flex e-con e-child\" data-id=\"9eb3fa8\" data-element_type=\"container\">\n\t\t\t\t<div class=\"elementor-element elementor-element-859f097 elementor-widget elementor-widget-image\" data-id=\"859f097\" data-element_type=\"widget\" data-widget_type=\"image.default\">\n\t\t\t\t\t\t\t\t\t\t\t\t\t\t\t<img loading=\"lazy\" decoding=\"async\" width=\"669\" height=\"446\" src=\"http:\/\/www.karsliyapi.com\/wp-content\/uploads\/2026\/01\/gorsel_2-1024x682.jpg\" class=\"attachment-large size-large wp-image-2135\" alt=\"\" srcset=\"http:\/\/www.karsliyapi.com\/wp-content\/uploads\/2026\/01\/gorsel_2-1024x682.jpg 1024w, http:\/\/www.karsliyapi.com\/wp-content\/uploads\/2026\/01\/gorsel_2-300x200.jpg 300w, http:\/\/www.karsliyapi.com\/wp-content\/uploads\/2026\/01\/gorsel_2-768x512.jpg 768w, http:\/\/www.karsliyapi.com\/wp-content\/uploads\/2026\/01\/gorsel_2.jpg 1495w\" sizes=\"(max-width: 669px) 100vw, 669px\" \/>\t\t\t\t\t\t\t\t\t\t\t\t\t\t\t<\/div>\n\t\t\t\t<\/div>\n\t\t<div class=\"elementor-element elementor-element-1987040 e-con-full e-flex e-con e-child\" data-id=\"1987040\" data-element_type=\"container\">\n\t\t\t\t<div class=\"elementor-element elementor-element-7759a3d elementor-widget elementor-widget-image\" data-id=\"7759a3d\" data-element_type=\"widget\" data-widget_type=\"image.default\">\n\t\t\t\t\t\t\t\t\t\t\t\t\t\t\t<img loading=\"lazy\" decoding=\"async\" width=\"669\" height=\"446\" src=\"http:\/\/www.karsliyapi.com\/wp-content\/uploads\/2026\/01\/gorsel_3-1024x682.jpg\" class=\"attachment-large size-large wp-image-2136\" alt=\"\" srcset=\"http:\/\/www.karsliyapi.com\/wp-content\/uploads\/2026\/01\/gorsel_3-1024x682.jpg 1024w, http:\/\/www.karsliyapi.com\/wp-content\/uploads\/2026\/01\/gorsel_3-300x200.jpg 300w, http:\/\/www.karsliyapi.com\/wp-content\/uploads\/2026\/01\/gorsel_3-768x512.jpg 768w, http:\/\/www.karsliyapi.com\/wp-content\/uploads\/2026\/01\/gorsel_3.jpg 1495w\" sizes=\"(max-width: 669px) 100vw, 669px\" \/>\t\t\t\t\t\t\t\t\t\t\t\t\t\t\t<\/div>\n\t\t\t\t<\/div>\n\t\t<div class=\"elementor-element elementor-element-5979966 e-con-full e-flex e-con e-child\" data-id=\"5979966\" data-element_type=\"container\">\n\t\t\t\t<div class=\"elementor-element elementor-element-d78899f elementor-widget elementor-widget-image\" data-id=\"d78899f\" data-element_type=\"widget\" data-widget_type=\"image.default\">\n\t\t\t\t\t\t\t\t\t\t\t\t\t\t\t<img loading=\"lazy\" decoding=\"async\" width=\"669\" height=\"446\" src=\"http:\/\/www.karsliyapi.com\/wp-content\/uploads\/2026\/01\/gorsel_4-1024x682.jpg\" class=\"attachment-large size-large wp-image-2137\" alt=\"\" srcset=\"http:\/\/www.karsliyapi.com\/wp-content\/uploads\/2026\/01\/gorsel_4-1024x682.jpg 1024w, http:\/\/www.karsliyapi.com\/wp-content\/uploads\/2026\/01\/gorsel_4-300x200.jpg 300w, http:\/\/www.karsliyapi.com\/wp-content\/uploads\/2026\/01\/gorsel_4-768x512.jpg 768w, http:\/\/www.karsliyapi.com\/wp-content\/uploads\/2026\/01\/gorsel_4.jpg 1495w\" sizes=\"(max-width: 669px) 100vw, 669px\" \/>\t\t\t\t\t\t\t\t\t\t\t\t\t\t\t<\/div>\n\t\t\t\t<\/div>\n\t\t<div class=\"elementor-element elementor-element-ad5d612 e-con-full e-flex e-con e-child\" data-id=\"ad5d612\" data-element_type=\"container\">\n\t\t\t\t<div class=\"elementor-element elementor-element-6ca2fe9 elementor-widget elementor-widget-image\" data-id=\"6ca2fe9\" data-element_type=\"widget\" data-widget_type=\"image.default\">\n\t\t\t\t\t\t\t\t\t\t\t\t\t\t\t<img loading=\"lazy\" decoding=\"async\" width=\"669\" height=\"446\" src=\"http:\/\/www.karsliyapi.com\/wp-content\/uploads\/2026\/01\/gorsel_5-1024x683.jpg\" class=\"attachment-large size-large wp-image-2138\" alt=\"\" srcset=\"http:\/\/www.karsliyapi.com\/wp-content\/uploads\/2026\/01\/gorsel_5-1024x683.jpg 1024w, http:\/\/www.karsliyapi.com\/wp-content\/uploads\/2026\/01\/gorsel_5-300x200.jpg 300w, http:\/\/www.karsliyapi.com\/wp-content\/uploads\/2026\/01\/gorsel_5-768x512.jpg 768w, http:\/\/www.karsliyapi.com\/wp-content\/uploads\/2026\/01\/gorsel_5.jpg 1495w\" sizes=\"(max-width: 669px) 100vw, 669px\" \/>\t\t\t\t\t\t\t\t\t\t\t\t\t\t\t<\/div>\n\t\t\t\t<\/div>\n\t\t\t\t\t<\/div>\n\t\t\t\t<\/div>\n\t\t\t\t<\/div>\n\t\t","protected":false},"excerpt":{"rendered":"<p>KARYA S\u0130TES\u0130 OCTA V\u0130LLA<\/p>\n","protected":false},"author":1,"featured_media":0,"parent":0,"menu_order":0,"comment_status":"closed","ping_status":"closed","template":"","meta":{"footnotes":""},"class_list":["post-2126","page","type-page","status-publish","hentry"],"_links":{"self":[{"href":"http:\/\/www.karsliyapi.com\/index.php\/wp-json\/wp\/v2\/pages\/2126","targetHints":{"allow":["GET"]}}],"collection":[{"href":"http:\/\/www.karsliyapi.com\/index.php\/wp-json\/wp\/v2\/pages"}],"about":[{"href":"http:\/\/www.karsliyapi.com\/index.php\/wp-json\/wp\/v2\/types\/page"}],"author":[{"embeddable":true,"href":"http:\/\/www.karsliyapi.com\/index.php\/wp-json\/wp\/v2\/users\/1"}],"replies":[{"embeddable":true,"href":"http:\/\/www.karsliyapi.com\/index.php\/wp-json\/wp\/v2\/comments?post=2126"}],"version-history":[{"count":17,"href":"http:\/\/www.karsliyapi.com\/index.php\/wp-json\/wp\/v2\/pages\/2126\/revisions"}],"predecessor-version":[{"id":2159,"href":"http:\/\/www.karsliyapi.com\/index.php\/wp-json\/wp\/v2\/pages\/2126\/revisions\/2159"}],"wp:attachment":[{"href":"http:\/\/www.karsliyapi.com\/index.php\/wp-json\/wp\/v2\/media?parent=2126"}],"curies":[{"name":"wp","href":"https:\/\/api.w.org\/{rel}","templated":true}]}}