{"id":1794,"date":"2015-02-25T07:37:28","date_gmt":"2015-02-25T05:37:28","guid":{"rendered":"http:\/\/demo.cmssuperheroes.com\/themeforest\/wp-spectrum-construction\/?page_id=4"},"modified":"2017-12-09T11:24:30","modified_gmt":"2017-12-09T09:24:30","slug":"home","status":"publish","type":"page","link":"http:\/\/www.karsliyapi.com\/","title":{"rendered":"Ana Sayfa"},"content":{"rendered":"<p>[vc_row full_width=&#8221;false&#8221; el_class=&#8221;hidden-xs&#8221; row_responsive_large=&#8221;&#8221; row_responsive_medium=&#8221;&#8221; row_responsive_small=&#8221;&#8221; row_responsive_extra_small=&#8221;&#8221; enable_row_sc=&#8221;&#8221; enable_row_engle=&#8221;&#8221; height_engle=&#8221;60px&#8221; engle_border_width=&#8221;0&#8243; enable_engle_duplicate=&#8221;&#8221; engle_uplicated_height=&#8221;60px&#8221; engle_duplicated_border_width=&#8221;0&#8243; enable_engle_style2=&#8221;&#8221; height_engle_style2=&#8221;60px&#8221; enable_engle_duplicated_style2=&#8221;&#8221; engle_duplicated_height_style2=&#8221;60px&#8221; enable_parallax=&#8221;&#8221; parallax_speed=&#8221;0.8&#8243; bg_video_transparent=&#8221;0&#8243; disable_parallax_mobile=&#8221;&#8221; loop=&#8221;&#8221; autoplay=&#8221;&#8221; muted=&#8221;&#8221; controls=&#8221;&#8221; show_btn=&#8221;&#8221; lax_layer1_align=&#8221;lax_left_top&#8221; lax_layer2_align=&#8221;lax_left_top&#8221; lax_layer3_align=&#8221;lax_left_top&#8221; lax_layer4_align=&#8221;lax_left_top&#8221; lax_layer5_align=&#8221;lax_left_top&#8221; lax_layer6_align=&#8221;lax_left_top&#8221; lax_layer7_align=&#8221;lax_left_top&#8221; lax_layer8_align=&#8221;lax_left_top&#8221;][vc_column][rev_slider_vc alias=&#8221;home-slider&#8221;][\/vc_column][\/vc_row][vc_row css=&#8221;.vc_custom_1496831672121{padding-top: 30px !important;padding-bottom: 30px !important;background-color: #f70909 !important;}&#8221; row_responsive_large=&#8221;&#8221; row_responsive_medium=&#8221;&#8221; row_responsive_small=&#8221;&#8221; row_responsive_extra_small=&#8221;&#8221; enable_row_sc=&#8221;&#8221; enable_row_engle=&#8221;&#8221; height_engle=&#8221;60px&#8221; engle_border_width=&#8221;0&#8243; enable_engle_duplicate=&#8221;&#8221; engle_uplicated_height=&#8221;60px&#8221; engle_duplicated_border_width=&#8221;0&#8243; enable_engle_style2=&#8221;&#8221; height_engle_style2=&#8221;60px&#8221; enable_engle_duplicated_style2=&#8221;&#8221; engle_duplicated_height_style2=&#8221;60px&#8221; enable_parallax=&#8221;&#8221; parallax_speed=&#8221;0.8&#8243; bg_video_transparent=&#8221;0&#8243; disable_parallax_mobile=&#8221;&#8221; loop=&#8221;&#8221; autoplay=&#8221;&#8221; muted=&#8221;&#8221; controls=&#8221;&#8221; show_btn=&#8221;&#8221; lax_layer1_align=&#8221;lax_left_top&#8221; lax_layer2_align=&#8221;lax_left_top&#8221; lax_layer3_align=&#8221;lax_left_top&#8221; lax_layer4_align=&#8221;lax_left_top&#8221; lax_layer5_align=&#8221;lax_left_top&#8221; lax_layer6_align=&#8221;lax_left_top&#8221; lax_layer7_align=&#8221;lax_left_top&#8221; lax_layer8_align=&#8221;lax_left_top&#8221; el_class=&#8221;call-to-action-custom&#8221;][vc_column width=&#8221;2\/3&#8243;][vc_column_text]<\/p>\n<h4><strong>GELECE\u011e\u0130 \u0130N\u015eA ED\u0130YORUZ&#8230;<\/strong><\/h4>\n<p>[\/vc_column_text][\/vc_column][vc_column width=&#8221;1\/3&#8243;][\/vc_column][\/vc_row][vc_row full_width=&#8221;false&#8221; css=&#8221;.vc_custom_1425292090505{padding-top: 50px !important;}&#8221; row_responsive_large=&#8221;&#8221; row_responsive_medium=&#8221;&#8221; row_responsive_small=&#8221;&#8221; row_responsive_extra_small=&#8221;&#8221; enable_row_sc=&#8221;&#8221; enable_row_engle=&#8221;&#8221; height_engle=&#8221;60px&#8221; engle_border_width=&#8221;0&#8243; enable_engle_duplicate=&#8221;&#8221; engle_uplicated_height=&#8221;60px&#8221; engle_duplicated_border_width=&#8221;0&#8243; enable_engle_style2=&#8221;&#8221; height_engle_style2=&#8221;60px&#8221; enable_engle_duplicated_style2=&#8221;&#8221; engle_duplicated_height_style2=&#8221;60px&#8221; enable_parallax=&#8221;&#8221; parallax_speed=&#8221;0.8&#8243; bg_video_transparent=&#8221;0&#8243; disable_parallax_mobile=&#8221;&#8221; loop=&#8221;&#8221; autoplay=&#8221;&#8221; muted=&#8221;&#8221; controls=&#8221;&#8221; show_btn=&#8221;&#8221; lax_layer1_align=&#8221;lax_left_top&#8221; lax_layer2_align=&#8221;lax_left_top&#8221; lax_layer3_align=&#8221;lax_left_top&#8221; lax_layer4_align=&#8221;lax_left_top&#8221; lax_layer5_align=&#8221;lax_left_top&#8221; lax_layer6_align=&#8221;lax_left_top&#8221; lax_layer7_align=&#8221;lax_left_top&#8221; lax_layer8_align=&#8221;lax_left_top&#8221; dt_id=&#8221;about&#8221;][vc_column column_responsive_large=&#8221;&#8221; column_responsive_medium=&#8221;&#8221; column_responsive_small=&#8221;&#8221; column_responsive_extra_small=&#8221;&#8221; image_transition=&#8221;&#8221; text_align=&#8221;left&#8221; css=&#8221;.vc_custom_1425311440644{padding-top: 15px !important;}&#8221; column_style=&#8221;title-construction style3&#8243; offset=&#8221;vc_col-lg-6 vc_col-md-6 vc_col-xs-12&#8243;][vc_column_text]<\/p>\n<h3>FARKIMIZ&#8230;<\/h3>\n<p>Y\u0131llar\u0131n getirdi\u011fi i\u015f tecr\u00fcbemiz ve teknik altyap\u0131m\u0131z ile ara\u015ft\u0131rmac\u0131, \u00fcretken ve g\u00fcvenilir olmam\u0131zla sekt\u00f6rde \u00f6n plana \u00e7\u0131kmam\u0131z. Projelerimizde kaliteyi, g\u00fcvenilirli\u011fi ve zaman\u0131nda teslimi kendimize misyon edinmemiz. \u00c7al\u0131\u015fma sistemimiz, i\u015f merkezi, konut, villa ve \u00fcretim tesislerinin projelerini hayata ge\u00e7irirken yap\u0131lan projelerde yasal mevzuata, mesleki ahlak kurallar\u0131na uygunluk ve \u015feffafl\u0131k prensiplerinden \u00f6d\u00fcn vermemektir.[\/vc_column_text][vc_empty_space height=&#8221;20px&#8221;][vc_single_image image=&#8221;1876&#8243; img_size=&#8221;466&#215;394&#8243;][\/vc_column][vc_column el_class=&#8221;construction&#8221; column_responsive_large=&#8221;&#8221; column_responsive_medium=&#8221;&#8221; column_responsive_small=&#8221;&#8221; column_responsive_extra_small=&#8221;&#8221; image_transition=&#8221;&#8221; css=&#8221;.vc_custom_1425461496151{padding-top: 25px !important;}&#8221; offset=&#8221;vc_col-lg-6 vc_col-md-6 vc_col-xs-12&#8243;][vc_row_inner][vc_column_inner width=&#8221;1\/2&#8243; css=&#8221;.vc_custom_1425290416596{border-right-width: 1px !important;border-right-color: #e9e9e9 !important;border-right-style: solid !important;}&#8221;]<div id=\"cshero-fancybox69e20cb97d6eb_1776422073\" class=\"cshero-fancybox-wrap fancybox-layout1  text-center \" style=\"border-color: transparent;   \">\n    <style type=\"text\/css\" scoped>\n        #cshero-fancybox69e20cb97d6eb_1776422073.fancybox-layout1:hover .fancy-icon {\n            background-color:#888888 !important;\n            border-color: !important;\n            color:#ffffff !important;\n        }\n\n        #cshero-fancybox69e20cb97d6eb_1776422073.fancybox-layout1 .fancy-icon.icon-hover-style-1:after{\n    \t\t-webkit-border-radius:100%;\n    \t\t-moz-border-radius:100%;\n    \t\t-ms-border-radius:100%;\n    \t\t-o-border-radius:100%;\n    \t\tborder-radius:100%;\n    \t\tbackground-color:#888888;\n    \t\tborder-width:1px;\n    \t\tborder-style:solid;\n    \t\tborder-color:;\n\t   }\n        \n        \n                #cshero-fancybox69e20cb97d6eb_1776422073 .content {\n            color: #888888;\n        }\n        \n              #cshero-fancybox69e20cb97d6eb_1776422073:hover .cshero-title-main {\n            color: #222222;\n       }\n              \t<\/style>\n    <div class=\"cshero-fancybox-title-image\">\n                                <h4 class=\"cshero-fancybox-title-wrap\" style=\"color: #222222; margin: 25px 0 15px 0; text-transform: inherit;\" >\n            <span class=\"cshero-title-main\">Yenilik\u00e7i<\/span>\n        <\/h4>\n                    <div class=\"cshero-fancybox-image\">\n                <img decoding=\"async\" src=\"http:\/\/www.karsliyapi.com\/wp-content\/uploads\/2015\/02\/construction-2-100x100_c.jpg\" alt=\"Yenilik\u00e7i\" \/>\n            <\/div>\n            <\/div>\n            <div class=\"cshero-fancybox-content\">\n                            <div class=\"content\">\n                    Karsl\u0131 Yap\u0131 0larak sekt\u00f6rdeki bilgi ve tecr\u00fcbemizle hareket ederek, insana ve \u00e7evreye duydu\u011fumuz sayg\u0131yla, d\u00fcn\u00fc, bug\u00fcn\u00fc ve yar\u0131n\u0131 gelecekle bulu\u015fturuyor, yap\u0131 sekt\u00f6r\u00fcndeki yeni projelerimizle gelece\u011fi in\u015fa etmeye devam ediyoruz.                <\/div>\n                        \n                    <\/div>\n    <\/div>\n[\/vc_column_inner][vc_column_inner width=&#8221;1\/2&#8243;]<div id=\"cshero-fancybox69e20cb97ec73_1776422073\" class=\"cshero-fancybox-wrap fancybox-layout1  text-center \" style=\"border-color: transparent;   \">\n    <style type=\"text\/css\" scoped>\n        #cshero-fancybox69e20cb97ec73_1776422073.fancybox-layout1:hover .fancy-icon {\n            background-color:#888888 !important;\n            border-color: !important;\n            color:#ffffff !important;\n        }\n\n        #cshero-fancybox69e20cb97ec73_1776422073.fancybox-layout1 .fancy-icon.icon-hover-style-1:after{\n    \t\t-webkit-border-radius:100%;\n    \t\t-moz-border-radius:100%;\n    \t\t-ms-border-radius:100%;\n    \t\t-o-border-radius:100%;\n    \t\tborder-radius:100%;\n    \t\tbackground-color:#888888;\n    \t\tborder-width:1px;\n    \t\tborder-style:solid;\n    \t\tborder-color:;\n\t   }\n        \n        \n                #cshero-fancybox69e20cb97ec73_1776422073 .content {\n            color: #888888;\n        }\n        \n              #cshero-fancybox69e20cb97ec73_1776422073:hover .cshero-title-main {\n            color: #222222;\n       }\n              \t<\/style>\n    <div class=\"cshero-fancybox-title-image\">\n                                <h4 class=\"cshero-fancybox-title-wrap\" style=\"color: #222222; margin: 25px 0 15px 0; text-transform: inherit;\" >\n            <span class=\"cshero-title-main\">Misyon<\/span>\n        <\/h4>\n                    <div class=\"cshero-fancybox-image\">\n                <img decoding=\"async\" src=\"http:\/\/www.karsliyapi.com\/wp-content\/uploads\/2015\/02\/78619223-100x100_c.jpg\" alt=\"Misyon\" \/>\n            <\/div>\n            <\/div>\n            <div class=\"cshero-fancybox-content\">\n                            <div class=\"content\">\n                    Kaliteli, yenilik\u00e7i, g\u00fcvenilir ve insan odakl\u0131 yakla\u015f\u0131mla, bug\u00fcnde ve yar\u0131nda sorunsuz, rahat, modern, estetik ve sa\u011flam yap\u0131lar in\u015fa etmektir. \u0130deallerimize ula\u015fmak i\u00e7in yap\u0131lacak \u00e7ok i\u015fimiz oldu\u011funu biliyoruz.                <\/div>\n                        \n                    <\/div>\n    <\/div>\n[\/vc_column_inner][\/vc_row_inner][vc_separator color=&#8221;custom&#8221; align=&#8221;center&#8221; border_width=&#8221;1&#8243; separator_arrow=&#8221;no&#8221; separator_arrow_type=&#8221;border&#8221; arrow_width=&#8221;12&#8243; accent_color=&#8221;#e9e9e9&#8243;][vc_row_inner][vc_column_inner width=&#8221;1\/2&#8243; css=&#8221;.vc_custom_1425290636517{border-right-width: 1px !important;border-right-color: #e9e9e9 !important;border-right-style: solid !important;}&#8221;]<div id=\"cshero-fancybox69e20cb97f2e2_1776422073\" class=\"cshero-fancybox-wrap fancybox-layout1  text-center \" style=\"border-color: transparent;   \">\n    <style type=\"text\/css\" scoped>\n        #cshero-fancybox69e20cb97f2e2_1776422073.fancybox-layout1:hover .fancy-icon {\n            background-color:#888888 !important;\n            border-color: !important;\n            color:#ffffff !important;\n        }\n\n        #cshero-fancybox69e20cb97f2e2_1776422073.fancybox-layout1 .fancy-icon.icon-hover-style-1:after{\n    \t\t-webkit-border-radius:100%;\n    \t\t-moz-border-radius:100%;\n    \t\t-ms-border-radius:100%;\n    \t\t-o-border-radius:100%;\n    \t\tborder-radius:100%;\n    \t\tbackground-color:#888888;\n    \t\tborder-width:1px;\n    \t\tborder-style:solid;\n    \t\tborder-color:;\n\t   }\n        \n        \n                #cshero-fancybox69e20cb97f2e2_1776422073 .content {\n            color: #888888;\n        }\n        \n              #cshero-fancybox69e20cb97f2e2_1776422073:hover .cshero-title-main {\n            color: #222222;\n       }\n              \t<\/style>\n    <div class=\"cshero-fancybox-title-image\">\n                                <h4 class=\"cshero-fancybox-title-wrap\" style=\"color: #222222; margin: 25px 0 15px 0; text-transform: inherit;\" >\n            <span class=\"cshero-title-main\">Vizyon<\/span>\n        <\/h4>\n                    <div class=\"cshero-fancybox-image\">\n                <img decoding=\"async\" src=\"http:\/\/www.karsliyapi.com\/wp-content\/uploads\/2016\/01\/banner_employer-100x100_c.jpg\" alt=\"Vizyon\" \/>\n            <\/div>\n            <\/div>\n            <div class=\"cshero-fancybox-content\">\n                            <div class=\"content\">\n                    Sekt\u00f6rdeki 20 y\u0131ll\u0131k deneyim ve teknik bilgimizle yenilikleri takip ederek \u00e7evreye ve insana duyarl\u0131 projeler \u00fcretiyoruz.                <\/div>\n                        \n                    <\/div>\n    <\/div>\n[\/vc_column_inner][vc_column_inner width=&#8221;1\/2&#8243;]<div id=\"cshero-fancybox69e20cb9804dd_1776422073\" class=\"cshero-fancybox-wrap fancybox-layout1  text-center \" style=\"border-color: transparent;   \">\n    <style type=\"text\/css\" scoped>\n        #cshero-fancybox69e20cb9804dd_1776422073.fancybox-layout1:hover .fancy-icon {\n            background-color:#888888 !important;\n            border-color: !important;\n            color:#ffffff !important;\n        }\n\n        #cshero-fancybox69e20cb9804dd_1776422073.fancybox-layout1 .fancy-icon.icon-hover-style-1:after{\n    \t\t-webkit-border-radius:100%;\n    \t\t-moz-border-radius:100%;\n    \t\t-ms-border-radius:100%;\n    \t\t-o-border-radius:100%;\n    \t\tborder-radius:100%;\n    \t\tbackground-color:#888888;\n    \t\tborder-width:1px;\n    \t\tborder-style:solid;\n    \t\tborder-color:;\n\t   }\n        \n        \n                #cshero-fancybox69e20cb9804dd_1776422073 .content {\n            color: #888888;\n        }\n        \n              #cshero-fancybox69e20cb9804dd_1776422073:hover .cshero-title-main {\n            color: #222222;\n       }\n              \t<\/style>\n    <div class=\"cshero-fancybox-title-image\">\n                                <h4 class=\"cshero-fancybox-title-wrap\" style=\"color: #222222; margin: 25px 0 15px 0; text-transform: inherit;\" >\n            <span class=\"cshero-title-main\">Konut Anlay\u0131\u015f\u0131nda Yenilik<\/span>\n        <\/h4>\n                    <div class=\"cshero-fancybox-image\">\n                <img decoding=\"async\" src=\"http:\/\/www.karsliyapi.com\/wp-content\/uploads\/2015\/02\/1-100x100_c.jpg\" alt=\"Konut Anlay\u0131\u015f\u0131nda Yenilik\" \/>\n            <\/div>\n            <\/div>\n            <div class=\"cshero-fancybox-content\">\n                            <div class=\"content\">\n                    S\u00fcrekli m\u00fc\u015fteri memnuniyeti felsefesi ile geli\u015ftirdi\u011fimiz projelerimizi sadece kendisi ile yar\u0131\u015fan hizmet anlay\u0131\u015f\u0131 olarak m\u00fc\u015fterilerimizin be\u011fenilerine sunuyoruz. Konut sat\u0131n alan t\u00fcm m\u00fc\u015fterilerimiz konutlar\u0131n yap\u0131m a\u015famalar\u0131n\u0131 web sayfam\u0131zdan takip edebiliyorlar.                <\/div>\n                        \n                    <\/div>\n    <\/div>\n[\/vc_column_inner][\/vc_row_inner][\/vc_column][\/vc_row]<\/p>\n","protected":false},"excerpt":{"rendered":"<p>[vc_row full_width=&#8221;false&#8221; el_class=&#8221;hidden-xs&#8221; row_responsive_large=&#8221;&#8221; row_responsive_medium=&#8221;&#8221; row_responsive_small=&#8221;&#8221; row_responsive_extra_small=&#8221;&#8221; enable_row_sc=&#8221;&#8221; enable_row_engle=&#8221;&#8221; height_engle=&#8221;60px&#8221; engle_border_width=&#8221;0&#8243; enable_engle_duplicate=&#8221;&#8221; engle_uplicated_height=&#8221;60px&#8221; engle_duplicated_border_width=&#8221;0&#8243; enable_engle_style2=&#8221;&#8221; height_engle_style2=&#8221;60px&#8221; enable_engle_duplicated_style2=&#8221;&#8221; engle_duplicated_height_style2=&#8221;60px&#8221; enable_parallax=&#8221;&#8221; parallax_speed=&#8221;0.8&#8243; bg_video_transparent=&#8221;0&#8243; disable_parallax_mobile=&#8221;&#8221; loop=&#8221;&#8221; autoplay=&#8221;&#8221; muted=&#8221;&#8221; controls=&#8221;&#8221; show_btn=&#8221;&#8221; lax_layer1_align=&#8221;lax_left_top&#8221; lax_layer2_align=&#8221;lax_left_top&#8221; lax_layer3_align=&#8221;lax_left_top&#8221; lax_layer4_align=&#8221;lax_left_top&#8221; lax_layer5_align=&#8221;lax_left_top&#8221; lax_layer6_align=&#8221;lax_left_top&#8221; lax_layer7_align=&#8221;lax_left_top&#8221; lax_layer8_align=&#8221;lax_left_top&#8221;][vc_column][rev_slider_vc alias=&#8221;home-slider&#8221;][\/vc_column][\/vc_row][vc_row css=&#8221;.vc_custom_1496831672121{padding-top: 30px !important;padding-bottom: 30px !important;background-color: #f70909 !important;}&#8221; row_responsive_large=&#8221;&#8221; row_responsive_medium=&#8221;&#8221; row_responsive_small=&#8221;&#8221; row_responsive_extra_small=&#8221;&#8221; enable_row_sc=&#8221;&#8221; enable_row_engle=&#8221;&#8221; height_engle=&#8221;60px&#8221; engle_border_width=&#8221;0&#8243; enable_engle_duplicate=&#8221;&#8221; engle_uplicated_height=&#8221;60px&#8221; engle_duplicated_border_width=&#8221;0&#8243; enable_engle_style2=&#8221;&#8221; [&hellip;]<\/p>\n","protected":false},"author":1,"featured_media":0,"parent":0,"menu_order":0,"comment_status":"open","ping_status":"closed","template":"","meta":{"footnotes":""},"class_list":["post-1794","page","type-page","status-publish","hentry"],"_links":{"self":[{"href":"http:\/\/www.karsliyapi.com\/index.php\/wp-json\/wp\/v2\/pages\/1794","targetHints":{"allow":["GET"]}}],"collection":[{"href":"http:\/\/www.karsliyapi.com\/index.php\/wp-json\/wp\/v2\/pages"}],"about":[{"href":"http:\/\/www.karsliyapi.com\/index.php\/wp-json\/wp\/v2\/types\/page"}],"author":[{"embeddable":true,"href":"http:\/\/www.karsliyapi.com\/index.php\/wp-json\/wp\/v2\/users\/1"}],"replies":[{"embeddable":true,"href":"http:\/\/www.karsliyapi.com\/index.php\/wp-json\/wp\/v2\/comments?post=1794"}],"version-history":[{"count":16,"href":"http:\/\/www.karsliyapi.com\/index.php\/wp-json\/wp\/v2\/pages\/1794\/revisions"}],"predecessor-version":[{"id":2011,"href":"http:\/\/www.karsliyapi.com\/index.php\/wp-json\/wp\/v2\/pages\/1794\/revisions\/2011"}],"wp:attachment":[{"href":"http:\/\/www.karsliyapi.com\/index.php\/wp-json\/wp\/v2\/media?parent=1794"}],"curies":[{"name":"wp","href":"https:\/\/api.w.org\/{rel}","templated":true}]}}