{"id":1638,"date":"2015-03-02T19:47:08","date_gmt":"2015-03-02T17:47:08","guid":{"rendered":"http:\/\/demo.cmssuperheroes.com\/themeforest\/wp-spectrum-construction\/?page_id=1638"},"modified":"2020-12-17T11:02:27","modified_gmt":"2020-12-17T08:02:27","slug":"home-video-angled","status":"publish","type":"page","link":"http:\/\/www.karsliyapi.com\/index.php\/home-video-angled\/","title":{"rendered":"Kurumsal"},"content":{"rendered":"<p>[vc_row full_width=&#8221;false&#8221; row_responsive_large=&#8221;&#8221; row_responsive_medium=&#8221;&#8221; row_responsive_small=&#8221;&#8221; row_responsive_extra_small=&#8221;&#8221; enable_row_sc=&#8221;&#8221; type=&#8221;ww-custom&#8221; enable_row_engle=&#8221;&#8221; height_engle=&#8221;60px&#8221; engle_border_width=&#8221;0&#8243; enable_engle_duplicate=&#8221;&#8221; engle_uplicated_height=&#8221;60px&#8221; engle_duplicated_border_width=&#8221;0&#8243; enable_engle_style2=&#8221;false&#8221; engle_position_style2=&#8221;engle-bottom-style1&#8243; height_engle_style2=&#8221;60px&#8221; engle_color_style2=&#8221;#f1c00a&#8221; enable_engle_duplicated_style2=&#8221;&#8221; engle_duplicated_height_style2=&#8221;60px&#8221; enable_parallax=&#8221;&#8221; parallax_speed=&#8221;0.8&#8243; bg_video_transparent=&#8221;0&#8243; disable_parallax_mobile=&#8221;&#8221; loop=&#8221;&#8221; autoplay=&#8221;&#8221; muted=&#8221;&#8221; controls=&#8221;&#8221; show_btn=&#8221;&#8221; lax_layer1_align=&#8221;lax_left_top&#8221; lax_layer2_align=&#8221;lax_left_top&#8221; lax_layer3_align=&#8221;lax_left_top&#8221; lax_layer4_align=&#8221;lax_left_top&#8221; lax_layer5_align=&#8221;lax_left_top&#8221; lax_layer6_align=&#8221;lax_left_top&#8221; lax_layer7_align=&#8221;lax_left_top&#8221; lax_layer8_align=&#8221;lax_left_top&#8221; el_class=&#8221;hidden-xs&#8221;][vc_column][\/vc_column][\/vc_row][vc_row full_width=&#8221;false&#8221; css=&#8221;.vc_custom_1425489834739{padding-top: 80px !important;}&#8221; row_responsive_large=&#8221;&#8221; row_responsive_medium=&#8221;&#8221; row_responsive_small=&#8221;&#8221; row_responsive_extra_small=&#8221;&#8221; enable_row_sc=&#8221;&#8221; enable_row_engle=&#8221;&#8221; height_engle=&#8221;60px&#8221; engle_border_width=&#8221;0&#8243; enable_engle_duplicate=&#8221;&#8221; engle_uplicated_height=&#8221;60px&#8221; engle_duplicated_border_width=&#8221;0&#8243; enable_engle_style2=&#8221;false&#8221; height_engle_style2=&#8221;60px&#8221; enable_engle_duplicated_style2=&#8221;&#8221; engle_duplicated_height_style2=&#8221;60px&#8221; enable_parallax=&#8221;&#8221; parallax_speed=&#8221;0.8&#8243; bg_video_transparent=&#8221;0&#8243; disable_parallax_mobile=&#8221;&#8221; loop=&#8221;&#8221; autoplay=&#8221;&#8221; muted=&#8221;&#8221; controls=&#8221;&#8221; show_btn=&#8221;&#8221; lax_layer1_align=&#8221;lax_left_top&#8221; lax_layer2_align=&#8221;lax_left_top&#8221; lax_layer3_align=&#8221;lax_left_top&#8221; lax_layer4_align=&#8221;lax_left_top&#8221; lax_layer5_align=&#8221;lax_left_top&#8221; lax_layer6_align=&#8221;lax_left_top&#8221; lax_layer7_align=&#8221;lax_left_top&#8221; lax_layer8_align=&#8221;lax_left_top&#8221; dt_id=&#8221;about&#8221; type=&#8221;ww-custom&#8221; engle_position_style2=&#8221;engle-top-style2&#8243; engle_color_style2=&#8221;#f1c00a&#8221;][vc_column column_responsive_large=&#8221;&#8221; column_responsive_medium=&#8221;&#8221; column_responsive_small=&#8221;&#8221; column_responsive_extra_small=&#8221;&#8221; image_transition=&#8221;&#8221; text_align=&#8221;left&#8221; css=&#8221;.vc_custom_1425489916481{padding-top: 40px !important;}&#8221; column_style=&#8221;title-construction style3&#8243; offset=&#8221;vc_col-lg-6 vc_col-md-6 vc_col-xs-12&#8243;][vc_column_text]<strong>Biz Kimiz ?<\/strong><\/p>\n<hr \/>\n<p>&nbsp;<\/p>\n<p>Gayrimenkul sekt\u00f6r\u00fcn\u00fcn \u00f6nde gelen kurulu\u015flar\u0131ndan olan KARSLI YAPI, 2000 y\u0131l\u0131ndan bu yana Gaziantep&#8217;te \u00f6nc\u00fc ve lider bir kurulu\u015f olarak yoluna devam etmektedir.<\/p>\n<p>Bu zaman zarf\u0131nda her zaman yapt\u0131\u011f\u0131 i\u015flerde, kalite, g\u00fcven ve zaman\u0131nda teslim ilkelerine \u00f6nem vermi\u015f, bu do\u011frultuda hizmet vermeye devam etmi\u015f ve edecektir.<\/p>\n<p>Bu ba\u011flamda kazand\u0131\u011f\u0131m\u0131z itibar, deneyim, bilgi ve birikimimizi i\u015flemlerimize de yans\u0131tarak m\u00fc\u015fterilerimiz i\u00e7in en sorunsuz, en g\u00fcvenilir hizmeti sunmak i\u00e7in \u00e7al\u0131\u015f\u0131yoruz.[\/vc_column_text][vc_empty_space height=&#8221;20px&#8221;][vc_single_image image=&#8221;1905&#8243; img_size=&#8221;466&#215;394&#8243; css=&#8221;.vc_custom_1513161383348{padding-bottom: 10px !important;}&#8221;][\/vc_column][vc_column el_class=&#8221;construction&#8221; column_responsive_large=&#8221;&#8221; column_responsive_medium=&#8221;&#8221; column_responsive_small=&#8221;&#8221; column_responsive_extra_small=&#8221;&#8221; image_transition=&#8221;&#8221; css=&#8221;.vc_custom_1425311453444{padding-top: 25px !important;}&#8221; offset=&#8221;vc_col-lg-6 vc_col-md-6 vc_col-xs-12&#8243;][vc_single_image image=&#8221;1987&#8243; img_size=&#8221;600&#215;600&#8243; css=&#8221;.vc_custom_1513161562300{padding-top: 100px !important;}&#8221;][vc_separator color=&#8221;custom&#8221; align=&#8221;center&#8221; border_width=&#8221;1&#8243; separator_arrow=&#8221;no&#8221; separator_arrow_type=&#8221;border&#8221; arrow_width=&#8221;12&#8243; accent_color=&#8221;#e9e9e9&#8243;][\/vc_column][\/vc_row][vc_row css=&#8221;.vc_custom_1496832304326{padding-top: 30px !important;padding-bottom: 30px !important;background-color: #dd3333 !important;}&#8221; row_responsive_large=&#8221;&#8221; row_responsive_medium=&#8221;&#8221; row_responsive_small=&#8221;&#8221; row_responsive_extra_small=&#8221;&#8221; enable_row_sc=&#8221;&#8221; enable_row_engle=&#8221;&#8221; height_engle=&#8221;60px&#8221; engle_border_width=&#8221;0&#8243; enable_engle_duplicate=&#8221;&#8221; engle_uplicated_height=&#8221;60px&#8221; engle_duplicated_border_width=&#8221;0&#8243; enable_engle_style2=&#8221;&#8221; height_engle_style2=&#8221;60px&#8221; enable_engle_duplicated_style2=&#8221;&#8221; engle_duplicated_height_style2=&#8221;60px&#8221; enable_parallax=&#8221;&#8221; parallax_speed=&#8221;0.8&#8243; bg_video_transparent=&#8221;0&#8243; disable_parallax_mobile=&#8221;&#8221; loop=&#8221;&#8221; autoplay=&#8221;&#8221; muted=&#8221;&#8221; controls=&#8221;&#8221; show_btn=&#8221;&#8221; lax_layer1_align=&#8221;lax_left_top&#8221; lax_layer2_align=&#8221;lax_left_top&#8221; lax_layer3_align=&#8221;lax_left_top&#8221; lax_layer4_align=&#8221;lax_left_top&#8221; lax_layer5_align=&#8221;lax_left_top&#8221; lax_layer6_align=&#8221;lax_left_top&#8221; lax_layer7_align=&#8221;lax_left_top&#8221; lax_layer8_align=&#8221;lax_left_top&#8221; el_class=&#8221;call-to-action-custom2&#8243;][vc_column width=&#8221;2\/3&#8243;][vc_column_text]<strong>SEKT\u00d6RDE 20 YIL&#8230;<\/strong>[\/vc_column_text][\/vc_column][vc_column width=&#8221;1\/3&#8243;][\/vc_column][\/vc_row]<\/p>\n","protected":false},"excerpt":{"rendered":"<p>[vc_row full_width=&#8221;false&#8221; row_responsive_large=&#8221;&#8221; row_responsive_medium=&#8221;&#8221; row_responsive_small=&#8221;&#8221; row_responsive_extra_small=&#8221;&#8221; enable_row_sc=&#8221;&#8221; type=&#8221;ww-custom&#8221; enable_row_engle=&#8221;&#8221; height_engle=&#8221;60px&#8221; engle_border_width=&#8221;0&#8243; enable_engle_duplicate=&#8221;&#8221; engle_uplicated_height=&#8221;60px&#8221; engle_duplicated_border_width=&#8221;0&#8243; enable_engle_style2=&#8221;false&#8221; engle_position_style2=&#8221;engle-bottom-style1&#8243; height_engle_style2=&#8221;60px&#8221; engle_color_style2=&#8221;#f1c00a&#8221; enable_engle_duplicated_style2=&#8221;&#8221; engle_duplicated_height_style2=&#8221;60px&#8221; enable_parallax=&#8221;&#8221; parallax_speed=&#8221;0.8&#8243; bg_video_transparent=&#8221;0&#8243; disable_parallax_mobile=&#8221;&#8221; loop=&#8221;&#8221; autoplay=&#8221;&#8221; muted=&#8221;&#8221; controls=&#8221;&#8221; show_btn=&#8221;&#8221; lax_layer1_align=&#8221;lax_left_top&#8221; lax_layer2_align=&#8221;lax_left_top&#8221; lax_layer3_align=&#8221;lax_left_top&#8221; lax_layer4_align=&#8221;lax_left_top&#8221; lax_layer5_align=&#8221;lax_left_top&#8221; lax_layer6_align=&#8221;lax_left_top&#8221; lax_layer7_align=&#8221;lax_left_top&#8221; lax_layer8_align=&#8221;lax_left_top&#8221; el_class=&#8221;hidden-xs&#8221;][vc_column][\/vc_column][\/vc_row][vc_row full_width=&#8221;false&#8221; css=&#8221;.vc_custom_1425489834739{padding-top: 80px !important;}&#8221; row_responsive_large=&#8221;&#8221; row_responsive_medium=&#8221;&#8221; row_responsive_small=&#8221;&#8221; row_responsive_extra_small=&#8221;&#8221; enable_row_sc=&#8221;&#8221; enable_row_engle=&#8221;&#8221; height_engle=&#8221;60px&#8221; engle_border_width=&#8221;0&#8243; enable_engle_duplicate=&#8221;&#8221; engle_uplicated_height=&#8221;60px&#8221; engle_duplicated_border_width=&#8221;0&#8243; enable_engle_style2=&#8221;false&#8221; height_engle_style2=&#8221;60px&#8221; [&hellip;]<\/p>\n","protected":false},"author":1,"featured_media":0,"parent":0,"menu_order":0,"comment_status":"open","ping_status":"closed","template":"","meta":{"footnotes":""},"class_list":["post-1638","page","type-page","status-publish","hentry"],"_links":{"self":[{"href":"http:\/\/www.karsliyapi.com\/index.php\/wp-json\/wp\/v2\/pages\/1638","targetHints":{"allow":["GET"]}}],"collection":[{"href":"http:\/\/www.karsliyapi.com\/index.php\/wp-json\/wp\/v2\/pages"}],"about":[{"href":"http:\/\/www.karsliyapi.com\/index.php\/wp-json\/wp\/v2\/types\/page"}],"author":[{"embeddable":true,"href":"http:\/\/www.karsliyapi.com\/index.php\/wp-json\/wp\/v2\/users\/1"}],"replies":[{"embeddable":true,"href":"http:\/\/www.karsliyapi.com\/index.php\/wp-json\/wp\/v2\/comments?post=1638"}],"version-history":[{"count":25,"href":"http:\/\/www.karsliyapi.com\/index.php\/wp-json\/wp\/v2\/pages\/1638\/revisions"}],"predecessor-version":[{"id":2093,"href":"http:\/\/www.karsliyapi.com\/index.php\/wp-json\/wp\/v2\/pages\/1638\/revisions\/2093"}],"wp:attachment":[{"href":"http:\/\/www.karsliyapi.com\/index.php\/wp-json\/wp\/v2\/media?parent=1638"}],"curies":[{"name":"wp","href":"https:\/\/api.w.org\/{rel}","templated":true}]}}